{"id":976,"date":"2025-10-21T06:10:29","date_gmt":"2025-10-21T06:10:29","guid":{"rendered":"https:\/\/dippedutten.dk\/?post_type=product&#038;p=976"},"modified":"2025-11-30T10:41:38","modified_gmt":"2025-11-30T10:41:38","slug":"skaal-19x10","status":"publish","type":"product","link":"https:\/\/dippedutten.dk\/?product=skaal-19x10","title":{"rendered":"Sk\u00e5l 19&#215;10"},"content":{"rendered":"<p><!--more-->TR\u00c6SORT:<\/p>\n<p>Elm<\/p>\n<p>DIAMETER:<\/p>\n<p>19 cm<\/p>\n<p>H\u00d8JDE:<\/p>\n<p>10 cm<\/p>\n<p>BEHANDLING:<\/p>\n<p>Invendig:<\/p>\n<p>Valn\u00f8ddeolie<\/p>\n<p>\u00d8kologisk, koldpresset og uden tils\u00e6tningsstoffer. Den bruges blandt andet til dips, saucer og dressing, og f\u00e5s i almindelige supermarkeder.<\/p>\n<p>Udvendig:<\/p>\n<p>Valn\u00f8ddeolie og kanaubervoks.<\/p>\n<p>Kanaubervoks er et naturprodukt udvundet af voksen p\u00e5 bladene p\u00e5 visse palmetr\u00e6er som kun vokser i Brasilien. F\u00f8devarestyrelsen er spurgt, og de henviser til Europar\u00e5dets vejledning og &#8220;Scientific Commitee for food\/EFSA&#8221; hvor det er det klassificeret til brug ved overfladebehandling af f\u00f8devarer. (Det bruges f.eks. til overfladebehandling af vingummibamser og Jellybeans s\u00e5 de ikke klistrer sammen &#8211; og i l\u00e6bestifter)<\/p>\n<p>&nbsp;<\/p>\n<p>Malet med &#8220;Burnt Orange&#8221; \u00a0og herefter behandlet valn\u00f8ddeolie og kanaubervoks (naturprodukt udvundet af bladene p\u00e5 specielle palmetr\u00e6er som kun vokser i Brasilien) F\u00f8devarestyrelsen er spurgt, og de henviser til Europar\u00e5dets vejledning og &#8220;Scientific Commitee for food\/EFSA&#8221; hvor det er klassificeret til brug ved overfladebehandling af f\u00f8devarer. (Det bruges blandt andet til overfladebehandling af vingumibamser, s\u00e5 de ikke klistrer sammen i poserne)<\/p>\n<p>&nbsp;<\/p>\n<p>PRIS: \u00a0250,-<\/p>\n<p>&nbsp;<\/p>\n<p>Er du interesseret, er du velkommen til at kontakte mig &#8211; (kontakt p\u00e5 forsiden)<\/p>\n","protected":false},"excerpt":{"rendered":"","protected":false},"featured_media":975,"template":"","meta":[],"product_brand":[],"product_cat":[23],"product_tag":[54],"class_list":{"0":"post-976","1":"product","2":"type-product","3":"status-publish","4":"has-post-thumbnail","6":"product_cat-skaale","7":"product_tag-elm","9":"first","10":"instock","11":"shipping-taxable","12":"purchasable","13":"product-type-simple"},"_links":{"self":[{"href":"https:\/\/dippedutten.dk\/index.php?rest_route=\/wp\/v2\/product\/976","targetHints":{"allow":["GET"]}}],"collection":[{"href":"https:\/\/dippedutten.dk\/index.php?rest_route=\/wp\/v2\/product"}],"about":[{"href":"https:\/\/dippedutten.dk\/index.php?rest_route=\/wp\/v2\/types\/product"}],"wp:featuredmedia":[{"embeddable":true,"href":"https:\/\/dippedutten.dk\/index.php?rest_route=\/wp\/v2\/media\/975"}],"wp:attachment":[{"href":"https:\/\/dippedutten.dk\/index.php?rest_route=%2Fwp%2Fv2%2Fmedia&parent=976"}],"wp:term":[{"taxonomy":"product_brand","embeddable":true,"href":"https:\/\/dippedutten.dk\/index.php?rest_route=%2Fwp%2Fv2%2Fproduct_brand&post=976"},{"taxonomy":"product_cat","embeddable":true,"href":"https:\/\/dippedutten.dk\/index.php?rest_route=%2Fwp%2Fv2%2Fproduct_cat&post=976"},{"taxonomy":"product_tag","embeddable":true,"href":"https:\/\/dippedutten.dk\/index.php?rest_route=%2Fwp%2Fv2%2Fproduct_tag&post=976"}],"curies":[{"name":"wp","href":"https:\/\/api.w.org\/{rel}","templated":true}]}}