{"id":654,"date":"2025-01-10T08:34:31","date_gmt":"2025-01-10T08:34:31","guid":{"rendered":"https:\/\/dippedutten.dk\/?post_type=product&#038;p=654"},"modified":"2026-02-24T19:23:19","modified_gmt":"2026-02-24T19:23:19","slug":"snurretoppe","status":"publish","type":"product","link":"https:\/\/dippedutten.dk\/?product=snurretoppe","title":{"rendered":"Snurretoppe"},"content":{"rendered":"<p><!--more-->TR\u00c6SORT:<\/p>\n<p>Oliven, mahogny, teak, eg<\/p>\n<p>DIAMETER:<\/p>\n<p>4 &#8211; 5 cm<\/p>\n<p>H\u00d8JDE:<\/p>\n<p>6 &#8211; 10 cm<\/p>\n<p>BEHANDLING:<\/p>\n<p>Valn\u00f8ddeolie<\/p>\n<p>\u00d8kologisk, koldpresset og uden tils\u00e6tningsstoffer. Den bruges blandt andet til dips, saucer og dressing, og f\u00e5s i almindelige supermarkeder.<\/p>\n<p>&nbsp;<\/p>\n<p>PRIS:<\/p>\n<p>Snurretop 25,- \/ 75,-<\/p>\n<p>&nbsp;<\/p>\n<p>&nbsp;<\/p>\n<p>Er du interesseret, er du velkommen til at kontakte mig &#8211; (kontakt p\u00e5 forsiden)<\/p>\n","protected":false},"excerpt":{"rendered":"","protected":false},"featured_media":651,"template":"","meta":[],"product_brand":[],"product_cat":[89],"product_tag":[37,39,57],"class_list":{"0":"post-654","1":"product","2":"type-product","3":"status-publish","4":"has-post-thumbnail","6":"product_cat-snurretoppe","7":"product_tag-oliven","8":"product_tag-eg","9":"product_tag-mahogny","11":"first","12":"instock","13":"shipping-taxable","14":"purchasable","15":"product-type-simple"},"_links":{"self":[{"href":"https:\/\/dippedutten.dk\/index.php?rest_route=\/wp\/v2\/product\/654","targetHints":{"allow":["GET"]}}],"collection":[{"href":"https:\/\/dippedutten.dk\/index.php?rest_route=\/wp\/v2\/product"}],"about":[{"href":"https:\/\/dippedutten.dk\/index.php?rest_route=\/wp\/v2\/types\/product"}],"wp:featuredmedia":[{"embeddable":true,"href":"https:\/\/dippedutten.dk\/index.php?rest_route=\/wp\/v2\/media\/651"}],"wp:attachment":[{"href":"https:\/\/dippedutten.dk\/index.php?rest_route=%2Fwp%2Fv2%2Fmedia&parent=654"}],"wp:term":[{"taxonomy":"product_brand","embeddable":true,"href":"https:\/\/dippedutten.dk\/index.php?rest_route=%2Fwp%2Fv2%2Fproduct_brand&post=654"},{"taxonomy":"product_cat","embeddable":true,"href":"https:\/\/dippedutten.dk\/index.php?rest_route=%2Fwp%2Fv2%2Fproduct_cat&post=654"},{"taxonomy":"product_tag","embeddable":true,"href":"https:\/\/dippedutten.dk\/index.php?rest_route=%2Fwp%2Fv2%2Fproduct_tag&post=654"}],"curies":[{"name":"wp","href":"https:\/\/api.w.org\/{rel}","templated":true}]}}