{"id":526,"date":"2024-10-09T20:16:27","date_gmt":"2024-10-09T20:16:27","guid":{"rendered":"https:\/\/dippedutten.dk\/?post_type=product&#038;p=526"},"modified":"2025-11-14T09:19:11","modified_gmt":"2025-11-14T09:19:11","slug":"krukke-2","status":"publish","type":"product","link":"https:\/\/dippedutten.dk\/?product=krukke-2","title":{"rendered":"Sk\u00e5l 10&#215;3,5"},"content":{"rendered":"<p><!--more-->TR\u00c6SORT:<\/p>\n<p>Ask med striber af moseeg<\/p>\n<p>DIAMETER:<\/p>\n<p>10 cm<\/p>\n<p>H\u00d8JDE:<\/p>\n<p>3,5 cm<\/p>\n<p>BEHANDLING:<\/p>\n<p>Invendig:<\/p>\n<p>Valn\u00f8ddeolie<\/p>\n<p>\u00d8kologisk, koldpresset og uden tils\u00e6tningsstoffer. Den bruges blandt andet til dips, saucer og dressing, og f\u00e5s i almindelige supermarkeder.<\/p>\n<p>Udvendig:<\/p>\n<p>Valn\u00f8ddeolie og kanaubervoks.<\/p>\n<p>Kanaubervoks er et naturprodukt udvundet af bladene p\u00e5 specielle palmetr\u00e6er som kun vokser i Brasilien. F\u00f8devarestyrelsen er spurgt, og de henviser til Europar\u00e5dets vejledning og &#8220;Scientific Commitee for food\/EFSA&#8221; hvor det er det klassificeret til brug ved overfladebehandling af f\u00f8devarer. (Det bruges blandt andet til overfladebehandling af vingummibamser, s\u00e5 de ikke klistrer sammen i poserne)<\/p>\n<p>&nbsp;<\/p>\n<p>Er du interesseret, er du velkommen til at kontakte mig &#8211; (kontakt p\u00e5 forsiden)<\/p>\n<p>&nbsp;<\/p>\n","protected":false},"excerpt":{"rendered":"","protected":false},"featured_media":520,"template":"","meta":[],"product_brand":[],"product_cat":[23],"product_tag":[40,42],"class_list":{"0":"post-526","1":"product","2":"type-product","3":"status-publish","4":"has-post-thumbnail","6":"product_cat-skaale","7":"product_tag-moseeg","8":"product_tag-ask","10":"first","11":"outofstock","12":"shipping-taxable","13":"purchasable","14":"product-type-simple"},"_links":{"self":[{"href":"https:\/\/dippedutten.dk\/index.php?rest_route=\/wp\/v2\/product\/526","targetHints":{"allow":["GET"]}}],"collection":[{"href":"https:\/\/dippedutten.dk\/index.php?rest_route=\/wp\/v2\/product"}],"about":[{"href":"https:\/\/dippedutten.dk\/index.php?rest_route=\/wp\/v2\/types\/product"}],"wp:featuredmedia":[{"embeddable":true,"href":"https:\/\/dippedutten.dk\/index.php?rest_route=\/wp\/v2\/media\/520"}],"wp:attachment":[{"href":"https:\/\/dippedutten.dk\/index.php?rest_route=%2Fwp%2Fv2%2Fmedia&parent=526"}],"wp:term":[{"taxonomy":"product_brand","embeddable":true,"href":"https:\/\/dippedutten.dk\/index.php?rest_route=%2Fwp%2Fv2%2Fproduct_brand&post=526"},{"taxonomy":"product_cat","embeddable":true,"href":"https:\/\/dippedutten.dk\/index.php?rest_route=%2Fwp%2Fv2%2Fproduct_cat&post=526"},{"taxonomy":"product_tag","embeddable":true,"href":"https:\/\/dippedutten.dk\/index.php?rest_route=%2Fwp%2Fv2%2Fproduct_tag&post=526"}],"curies":[{"name":"wp","href":"https:\/\/api.w.org\/{rel}","templated":true}]}}