{"id":500,"date":"2024-10-07T07:30:02","date_gmt":"2024-10-07T07:30:02","guid":{"rendered":"https:\/\/dippedutten.dk\/?post_type=product&#038;p=500"},"modified":"2025-11-14T09:27:37","modified_gmt":"2025-11-14T09:27:37","slug":"pizzabraet","status":"publish","type":"product","link":"https:\/\/dippedutten.dk\/?product=pizzabraet","title":{"rendered":"Pizzabr\u00e6t 39&#215;3,5"},"content":{"rendered":"<p>TR\u00c6SORT:<\/p>\n<p>Gummitr\u00e6 &#8211; stavlimet<\/p>\n<p>DIAMETER:<\/p>\n<p>39cm<\/p>\n<p>H\u00d8JDE:<\/p>\n<p>3,5cm<\/p>\n<p>BEHANDLING:<\/p>\n<p>Valn\u00f8ddeolie<\/p>\n<p>\u00d8kologisk, koldpresset og uden tils\u00e6tningsstoffer. Den bruges blandt andet til dips, saucer og dressing, og f\u00e5s i almindelige supermarkeder.<\/p>\n<p>&nbsp;<\/p>\n<p>Er du interesseret, er du velkommen til at kontakte mig &#8211; (kontakt p\u00e5 forsiden)<\/p>\n<p>&nbsp;<\/p>\n","protected":false},"excerpt":{"rendered":"<p>TR\u00c6SORT: Gummitr\u00e6 &#8211; stavlimet DIAMETER: 39cm H\u00d8JDE: 3,5cm BEHANDLING: Valn\u00f8ddeolie \u00d8kologisk, koldpresset og uden tils\u00e6tningsstoffer. Den bruges blandt andet til dips, saucer og dressing, og f\u00e5s i almindelige supermarkeder. &nbsp; Er du interesseret, er du velkommen til at kontakte mig &#8211; (kontakt p\u00e5 forsiden) &nbsp;<\/p>\n","protected":false},"featured_media":513,"template":"","meta":[],"product_brand":[],"product_cat":[25],"product_tag":[69],"class_list":{"0":"post-500","1":"product","2":"type-product","3":"status-publish","4":"has-post-thumbnail","6":"product_cat-diverse","7":"product_tag-gummitrae-stavlimet","9":"first","10":"outofstock","11":"shipping-taxable","12":"purchasable","13":"product-type-simple"},"_links":{"self":[{"href":"https:\/\/dippedutten.dk\/index.php?rest_route=\/wp\/v2\/product\/500","targetHints":{"allow":["GET"]}}],"collection":[{"href":"https:\/\/dippedutten.dk\/index.php?rest_route=\/wp\/v2\/product"}],"about":[{"href":"https:\/\/dippedutten.dk\/index.php?rest_route=\/wp\/v2\/types\/product"}],"wp:featuredmedia":[{"embeddable":true,"href":"https:\/\/dippedutten.dk\/index.php?rest_route=\/wp\/v2\/media\/513"}],"wp:attachment":[{"href":"https:\/\/dippedutten.dk\/index.php?rest_route=%2Fwp%2Fv2%2Fmedia&parent=500"}],"wp:term":[{"taxonomy":"product_brand","embeddable":true,"href":"https:\/\/dippedutten.dk\/index.php?rest_route=%2Fwp%2Fv2%2Fproduct_brand&post=500"},{"taxonomy":"product_cat","embeddable":true,"href":"https:\/\/dippedutten.dk\/index.php?rest_route=%2Fwp%2Fv2%2Fproduct_cat&post=500"},{"taxonomy":"product_tag","embeddable":true,"href":"https:\/\/dippedutten.dk\/index.php?rest_route=%2Fwp%2Fv2%2Fproduct_tag&post=500"}],"curies":[{"name":"wp","href":"https:\/\/api.w.org\/{rel}","templated":true}]}}