{"id":494,"date":"2024-09-08T18:08:28","date_gmt":"2024-09-08T18:08:28","guid":{"rendered":"https:\/\/dippedutten.dk\/?post_type=product&#038;p=494"},"modified":"2025-11-30T12:17:17","modified_gmt":"2025-11-30T12:17:17","slug":"skaal-22","status":"publish","type":"product","link":"https:\/\/dippedutten.dk\/?product=skaal-22","title":{"rendered":"Sk\u00e5l 14&#215;6"},"content":{"rendered":"<p>TR\u00c6SORT:<\/p>\n<p>\u00c6bletr\u00e6<\/p>\n<p>DIAMETER:<\/p>\n<p>14cm.<\/p>\n<p>H\u00d8JDE:<\/p>\n<p>6cm.<\/p>\n<p>BEHANDLING:<\/p>\n<p>Invendig:<\/p>\n<p>Valn\u00f8ddeolie<\/p>\n<p>\u00d8kologisk, koldpresset og uden tils\u00e6tningsstoffer. Den bruges blandt andet til dips, saucer og dressing, og f\u00e5s i almindelige supermarkeder.<\/p>\n<p>Udvendig:<\/p>\n<p>Valn\u00f8ddeolie og kanaubervoks.<\/p>\n<p>Kanaubervoks er et naturprodukt udvundet af bladene p\u00e5 specielle palmetr\u00e6er som kun vokser i Brasilien. F\u00f8devarestyrelsen er spurgt, og de henviser til Europar\u00e5dets vejledning og &#8220;Scientific Commitee for food\/EFSA&#8221; hvor det er det klassificeret til brug ved overfladebehandling af f\u00f8devarer. (Det bruges blandt andet til overfladebehandling af vingummibamser, s\u00e5 de ikke klistrer sammen i poserne)<\/p>\n<p>&nbsp;<\/p>\n<p>PRIS: 100,-<\/p>\n<p>&nbsp;<\/p>\n<p>Er du interesseret, er du velkommen til at kontakte mig &#8211; (kontakt p\u00e5 forsiden)<\/p>\n<p>&nbsp;<\/p>\n<p>&nbsp;<\/p>\n<p>&nbsp;<\/p>\n","protected":false},"excerpt":{"rendered":"<p>TR\u00c6SORT: \u00c6bletr\u00e6 DIAMETER: 14cm. H\u00d8JDE: 6cm. BEHANDLING: Invendig: Valn\u00f8ddeolie \u00d8kologisk, koldpresset og uden tils\u00e6tningsstoffer. Den bruges blandt andet til dips, saucer og dressing, og f\u00e5s i almindelige supermarkeder. Udvendig: Valn\u00f8ddeolie og kanaubervoks. Kanaubervoks er et naturprodukt udvundet af bladene p\u00e5 specielle palmetr\u00e6er som kun vokser i Brasilien. F\u00f8devarestyrelsen er spurgt, og de henviser til Europar\u00e5dets [&hellip;]<\/p>\n","protected":false},"featured_media":489,"template":"","meta":[],"product_brand":[],"product_cat":[23],"product_tag":[70],"class_list":{"0":"post-494","1":"product","2":"type-product","3":"status-publish","4":"has-post-thumbnail","6":"product_cat-skaale","7":"product_tag-aeble","9":"first","10":"instock","11":"shipping-taxable","12":"purchasable","13":"product-type-simple"},"_links":{"self":[{"href":"https:\/\/dippedutten.dk\/index.php?rest_route=\/wp\/v2\/product\/494","targetHints":{"allow":["GET"]}}],"collection":[{"href":"https:\/\/dippedutten.dk\/index.php?rest_route=\/wp\/v2\/product"}],"about":[{"href":"https:\/\/dippedutten.dk\/index.php?rest_route=\/wp\/v2\/types\/product"}],"wp:featuredmedia":[{"embeddable":true,"href":"https:\/\/dippedutten.dk\/index.php?rest_route=\/wp\/v2\/media\/489"}],"wp:attachment":[{"href":"https:\/\/dippedutten.dk\/index.php?rest_route=%2Fwp%2Fv2%2Fmedia&parent=494"}],"wp:term":[{"taxonomy":"product_brand","embeddable":true,"href":"https:\/\/dippedutten.dk\/index.php?rest_route=%2Fwp%2Fv2%2Fproduct_brand&post=494"},{"taxonomy":"product_cat","embeddable":true,"href":"https:\/\/dippedutten.dk\/index.php?rest_route=%2Fwp%2Fv2%2Fproduct_cat&post=494"},{"taxonomy":"product_tag","embeddable":true,"href":"https:\/\/dippedutten.dk\/index.php?rest_route=%2Fwp%2Fv2%2Fproduct_tag&post=494"}],"curies":[{"name":"wp","href":"https:\/\/api.w.org\/{rel}","templated":true}]}}