{"id":428,"date":"2024-05-31T18:43:32","date_gmt":"2024-05-31T18:43:32","guid":{"rendered":"https:\/\/dippedutten.dk\/?post_type=product&#038;p=428"},"modified":"2025-11-14T09:51:30","modified_gmt":"2025-11-14T09:51:30","slug":"skaal-20","status":"publish","type":"product","link":"https:\/\/dippedutten.dk\/?product=skaal-20","title":{"rendered":"Sk\u00e5l 18&#215;8"},"content":{"rendered":"<p>TR\u00c6SORT:<\/p>\n<p>Elm<\/p>\n<p>DIAMETER:<\/p>\n<p>18 cm<\/p>\n<p>H\u00d8JDE:<\/p>\n<p>8 cm<\/p>\n<p>BEHANDLING:<\/p>\n<p>Invendig:<\/p>\n<p>Valn\u00f8ddeolie<\/p>\n<p>\u00d8kologisk, koldpresset og uden tils\u00e6tningsstoffer. Den bruges blandt andet til dips, saucer og dressing, og f\u00e5s i almindelige supermarkeder.<\/p>\n<p>Udvendig:<\/p>\n<p>Valn\u00f8ddeolie og kanaubervoks.<\/p>\n<p>Kanaubervoks er et naturprodukt udvundet af bladene p\u00e5 specielle palmetr\u00e6er som kun vokser i Brasilien. F\u00f8devarestyrelsen er spurgt, og de henviser til Europar\u00e5dets vejledning og &#8220;Scientific Commitee for food\/EFSA&#8221; hvor det er det klassificeret til brug ved overfladebehandling af f\u00f8devarer. (Det bruges blandt andet til overfladebehandling af vingummibamser, s\u00e5 de ikke klistrer sammen i poserne)<\/p>\n<p>&nbsp;<\/p>\n<p>Malet med &#8220;Burnt Orange&#8221; \u00a0og herefter behandlet valn\u00f8ddeolie og kanaubervoks (naturprodukt udvundet af bladene p\u00e5 specielle palmetr\u00e6er som kun vokser i Brasilien) F\u00f8devarestyrelsen er spurgt, og de henviser til Europar\u00e5dets vejledning og &#8220;Scientific Commitee for food\/EFSA&#8221; hvor det er klassificeret til brug ved overfladebehandling af f\u00f8devarer. (Det bruges blandt andet til overfladebehandling af vingumibamser, s\u00e5 de ikke klistrer sammen i poserne)<\/p>\n<p>&nbsp;<\/p>\n<p>Er du interesseret, er du velkommen til at kontakte mig &#8211; (kontakt p\u00e5 forsiden)<\/p>\n<p>&nbsp;<\/p>\n","protected":false},"excerpt":{"rendered":"<p>TR\u00c6SORT: Elm DIAMETER: 18 cm H\u00d8JDE: 8 cm BEHANDLING: Invendig: Valn\u00f8ddeolie \u00d8kologisk, koldpresset og uden tils\u00e6tningsstoffer. Den bruges blandt andet til dips, saucer og dressing, og f\u00e5s i almindelige supermarkeder. Udvendig: Valn\u00f8ddeolie og kanaubervoks. Kanaubervoks er et naturprodukt udvundet af bladene p\u00e5 specielle palmetr\u00e6er som kun vokser i Brasilien. F\u00f8devarestyrelsen er spurgt, og de henviser [&hellip;]<\/p>\n","protected":false},"featured_media":429,"template":"","meta":[],"product_brand":[],"product_cat":[23],"product_tag":[54],"class_list":{"0":"post-428","1":"product","2":"type-product","3":"status-publish","4":"has-post-thumbnail","6":"product_cat-skaale","7":"product_tag-elm","9":"first","10":"outofstock","11":"shipping-taxable","12":"purchasable","13":"product-type-simple"},"_links":{"self":[{"href":"https:\/\/dippedutten.dk\/index.php?rest_route=\/wp\/v2\/product\/428","targetHints":{"allow":["GET"]}}],"collection":[{"href":"https:\/\/dippedutten.dk\/index.php?rest_route=\/wp\/v2\/product"}],"about":[{"href":"https:\/\/dippedutten.dk\/index.php?rest_route=\/wp\/v2\/types\/product"}],"wp:featuredmedia":[{"embeddable":true,"href":"https:\/\/dippedutten.dk\/index.php?rest_route=\/wp\/v2\/media\/429"}],"wp:attachment":[{"href":"https:\/\/dippedutten.dk\/index.php?rest_route=%2Fwp%2Fv2%2Fmedia&parent=428"}],"wp:term":[{"taxonomy":"product_brand","embeddable":true,"href":"https:\/\/dippedutten.dk\/index.php?rest_route=%2Fwp%2Fv2%2Fproduct_brand&post=428"},{"taxonomy":"product_cat","embeddable":true,"href":"https:\/\/dippedutten.dk\/index.php?rest_route=%2Fwp%2Fv2%2Fproduct_cat&post=428"},{"taxonomy":"product_tag","embeddable":true,"href":"https:\/\/dippedutten.dk\/index.php?rest_route=%2Fwp%2Fv2%2Fproduct_tag&post=428"}],"curies":[{"name":"wp","href":"https:\/\/api.w.org\/{rel}","templated":true}]}}