{"id":416,"date":"2024-04-06T12:21:50","date_gmt":"2024-04-06T12:21:50","guid":{"rendered":"https:\/\/dippedutten.dk\/?post_type=product&#038;p=416"},"modified":"2025-11-14T09:53:01","modified_gmt":"2025-11-14T09:53:01","slug":"skaal-i-saet-paa-3","status":"publish","type":"product","link":"https:\/\/dippedutten.dk\/?product=skaal-i-saet-paa-3","title":{"rendered":"Sk\u00e5le &#8211; 3 i s\u00e6t 13&#215;5"},"content":{"rendered":"<p>TR\u00c6SORT:<\/p>\n<p>R\u00f8get Eg, Anl\u00f8bet B\u00f8g og Asketr\u00e6<\/p>\n<p>DIAMETER:<\/p>\n<p>13 cm<\/p>\n<p>H\u00d8JDE:<\/p>\n<p>5 cm<\/p>\n<p>BEHANDLING:<\/p>\n<p>Valn\u00f8ddeolie og kanaubervoks.<\/p>\n<p>\u00d8kologisk, koldpresset og uden tils\u00e6tningsstoffer. Den bruges blandt andet til dips, saucer og dressing, og f\u00e5s i almindelige supermarkeder.<\/p>\n<p>Kanaubervoks er et naturprodukt udvundet af bladene p\u00e5 specielle palmetr\u00e6er som kun vokser i Brasilien. F\u00f8devarestyrelsen er spurgt, og de henviser til Europar\u00e5dets vejledning og &#8220;Scientific Commitee for food\/EFSA&#8221; hvor det er det klassificeret til brug ved overfladebehandling af f\u00f8devarer. (Det bruges blandt andet til overfladebehandling af vingummibamser, s\u00e5 de ikke klistrer sammen i poserne)<\/p>\n<p>&nbsp;<\/p>\n<p>Er du interesseret, er du velkommen til at kontakte mig &#8211; (kontakt p\u00e5 forsiden)<\/p>\n<p>&nbsp;<\/p>\n","protected":false},"excerpt":{"rendered":"<p>TR\u00c6SORT: R\u00f8get Eg, Anl\u00f8bet B\u00f8g og Asketr\u00e6 DIAMETER: 13 cm H\u00d8JDE: 5 cm BEHANDLING: Valn\u00f8ddeolie og kanaubervoks. \u00d8kologisk, koldpresset og uden tils\u00e6tningsstoffer. Den bruges blandt andet til dips, saucer og dressing, og f\u00e5s i almindelige supermarkeder. Kanaubervoks er et naturprodukt udvundet af bladene p\u00e5 specielle palmetr\u00e6er som kun vokser i Brasilien. F\u00f8devarestyrelsen er spurgt, og [&hellip;]<\/p>\n","protected":false},"featured_media":415,"template":"","meta":[],"product_brand":[],"product_cat":[23],"product_tag":[41,42,49],"class_list":{"0":"post-416","1":"product","2":"type-product","3":"status-publish","4":"has-post-thumbnail","6":"product_cat-skaale","7":"product_tag-eg-roeget-eg","8":"product_tag-ask","9":"product_tag-boeg-anloebet","11":"first","12":"outofstock","13":"shipping-taxable","14":"purchasable","15":"product-type-simple"},"_links":{"self":[{"href":"https:\/\/dippedutten.dk\/index.php?rest_route=\/wp\/v2\/product\/416","targetHints":{"allow":["GET"]}}],"collection":[{"href":"https:\/\/dippedutten.dk\/index.php?rest_route=\/wp\/v2\/product"}],"about":[{"href":"https:\/\/dippedutten.dk\/index.php?rest_route=\/wp\/v2\/types\/product"}],"wp:featuredmedia":[{"embeddable":true,"href":"https:\/\/dippedutten.dk\/index.php?rest_route=\/wp\/v2\/media\/415"}],"wp:attachment":[{"href":"https:\/\/dippedutten.dk\/index.php?rest_route=%2Fwp%2Fv2%2Fmedia&parent=416"}],"wp:term":[{"taxonomy":"product_brand","embeddable":true,"href":"https:\/\/dippedutten.dk\/index.php?rest_route=%2Fwp%2Fv2%2Fproduct_brand&post=416"},{"taxonomy":"product_cat","embeddable":true,"href":"https:\/\/dippedutten.dk\/index.php?rest_route=%2Fwp%2Fv2%2Fproduct_cat&post=416"},{"taxonomy":"product_tag","embeddable":true,"href":"https:\/\/dippedutten.dk\/index.php?rest_route=%2Fwp%2Fv2%2Fproduct_tag&post=416"}],"curies":[{"name":"wp","href":"https:\/\/api.w.org\/{rel}","templated":true}]}}