{"id":371,"date":"2024-02-12T12:16:15","date_gmt":"2024-02-12T12:16:15","guid":{"rendered":"https:\/\/dippedutten.dk\/?post_type=product&#038;p=371"},"modified":"2025-11-14T09:57:36","modified_gmt":"2025-11-14T09:57:36","slug":"skaal-17","status":"publish","type":"product","link":"https:\/\/dippedutten.dk\/?product=skaal-17","title":{"rendered":"Sk\u00e5l 12&#215;4"},"content":{"rendered":"<p>TR\u00c6SORT:<\/p>\n<p>Eg<\/p>\n<p>DIAMETER:<\/p>\n<p>12 cm<\/p>\n<p>H\u00d8JDE:<\/p>\n<p>4,5 cm<\/p>\n<p>BEHANDLING:<\/p>\n<p>Invendig:<\/p>\n<p>Valn\u00f8ddeolie (\u00f8kologisk, koldpresset og uden tils\u00e6tningsstoffer. Bruges ogs\u00e5 til dips, saucer og dressing)<\/p>\n<p>Udvendig:<\/p>\n<p>Farve, olie og kanaubervoks (naturprodukt udvundet af bladene p\u00e5 specielle palmetr\u00e6er som kun vokser i Brasilien)<\/p>\n<p>&nbsp;<\/p>\n<p>Er du interesseret, er du velkommen til at kontakte mig &#8211; (kontakt p\u00e5 forsiden)<\/p>\n<p>&nbsp;<\/p>\n","protected":false},"excerpt":{"rendered":"<p>TR\u00c6SORT: Eg DIAMETER: 12 cm H\u00d8JDE: 4,5 cm BEHANDLING: Invendig: Valn\u00f8ddeolie (\u00f8kologisk, koldpresset og uden tils\u00e6tningsstoffer. Bruges ogs\u00e5 til dips, saucer og dressing) Udvendig: Farve, olie og kanaubervoks (naturprodukt udvundet af bladene p\u00e5 specielle palmetr\u00e6er som kun vokser i Brasilien) &nbsp; Er du interesseret, er du velkommen til at kontakte mig &#8211; (kontakt p\u00e5 forsiden) [&hellip;]<\/p>\n","protected":false},"featured_media":370,"template":"","meta":[],"product_brand":[],"product_cat":[23],"product_tag":[39],"class_list":{"0":"post-371","1":"product","2":"type-product","3":"status-publish","4":"has-post-thumbnail","6":"product_cat-skaale","7":"product_tag-eg","9":"first","10":"outofstock","11":"shipping-taxable","12":"purchasable","13":"product-type-simple"},"_links":{"self":[{"href":"https:\/\/dippedutten.dk\/index.php?rest_route=\/wp\/v2\/product\/371","targetHints":{"allow":["GET"]}}],"collection":[{"href":"https:\/\/dippedutten.dk\/index.php?rest_route=\/wp\/v2\/product"}],"about":[{"href":"https:\/\/dippedutten.dk\/index.php?rest_route=\/wp\/v2\/types\/product"}],"wp:featuredmedia":[{"embeddable":true,"href":"https:\/\/dippedutten.dk\/index.php?rest_route=\/wp\/v2\/media\/370"}],"wp:attachment":[{"href":"https:\/\/dippedutten.dk\/index.php?rest_route=%2Fwp%2Fv2%2Fmedia&parent=371"}],"wp:term":[{"taxonomy":"product_brand","embeddable":true,"href":"https:\/\/dippedutten.dk\/index.php?rest_route=%2Fwp%2Fv2%2Fproduct_brand&post=371"},{"taxonomy":"product_cat","embeddable":true,"href":"https:\/\/dippedutten.dk\/index.php?rest_route=%2Fwp%2Fv2%2Fproduct_cat&post=371"},{"taxonomy":"product_tag","embeddable":true,"href":"https:\/\/dippedutten.dk\/index.php?rest_route=%2Fwp%2Fv2%2Fproduct_tag&post=371"}],"curies":[{"name":"wp","href":"https:\/\/api.w.org\/{rel}","templated":true}]}}