{"id":294,"date":"2024-01-21T14:39:16","date_gmt":"2024-01-21T14:39:16","guid":{"rendered":"https:\/\/dippedutten.dk\/?post_type=product&#038;p=294"},"modified":"2025-11-14T10:06:01","modified_gmt":"2025-11-14T10:06:01","slug":"viking","status":"publish","type":"product","link":"https:\/\/dippedutten.dk\/?product=viking","title":{"rendered":"Vikinger"},"content":{"rendered":"<p>TR\u00c6SORT:<\/p>\n<p>eg<\/p>\n<p>DIAMETER:<\/p>\n<p>5 cm.<\/p>\n<p>H\u00d8JDE:<\/p>\n<p>11 cm.<\/p>\n<p>BEHANDLING:<\/p>\n<p>Valn\u00f8ddeolie (\u00f8kologisk, koldpresset og uden tils\u00e6tningsstoffer. Bruges ogs\u00e5 til dips, saucer og dressing)<\/p>\n<p>&nbsp;<\/p>\n<p>Er du interesseret, er du velkommen til at kontakte mig &#8211; (kontakt p\u00e5 forsiden)<\/p>\n<p>&nbsp;<\/p>\n<p>&nbsp;<\/p>\n","protected":false},"excerpt":{"rendered":"<p>TR\u00c6SORT: eg DIAMETER: 5 cm. H\u00d8JDE: 11 cm. BEHANDLING: Valn\u00f8ddeolie (\u00f8kologisk, koldpresset og uden tils\u00e6tningsstoffer. Bruges ogs\u00e5 til dips, saucer og dressing) &nbsp; Er du interesseret, er du velkommen til at kontakte mig &#8211; (kontakt p\u00e5 forsiden) &nbsp; &nbsp;<\/p>\n","protected":false},"featured_media":295,"template":"","meta":[],"product_brand":[],"product_cat":[25],"product_tag":[39,57,62],"class_list":{"0":"post-294","1":"product","2":"type-product","3":"status-publish","4":"has-post-thumbnail","6":"product_cat-diverse","7":"product_tag-eg","8":"product_tag-mahogny","9":"product_tag-amaranth-purple-heart","11":"first","12":"outofstock","13":"sold-individually","14":"shipping-taxable","15":"purchasable","16":"product-type-simple"},"_links":{"self":[{"href":"https:\/\/dippedutten.dk\/index.php?rest_route=\/wp\/v2\/product\/294","targetHints":{"allow":["GET"]}}],"collection":[{"href":"https:\/\/dippedutten.dk\/index.php?rest_route=\/wp\/v2\/product"}],"about":[{"href":"https:\/\/dippedutten.dk\/index.php?rest_route=\/wp\/v2\/types\/product"}],"wp:featuredmedia":[{"embeddable":true,"href":"https:\/\/dippedutten.dk\/index.php?rest_route=\/wp\/v2\/media\/295"}],"wp:attachment":[{"href":"https:\/\/dippedutten.dk\/index.php?rest_route=%2Fwp%2Fv2%2Fmedia&parent=294"}],"wp:term":[{"taxonomy":"product_brand","embeddable":true,"href":"https:\/\/dippedutten.dk\/index.php?rest_route=%2Fwp%2Fv2%2Fproduct_brand&post=294"},{"taxonomy":"product_cat","embeddable":true,"href":"https:\/\/dippedutten.dk\/index.php?rest_route=%2Fwp%2Fv2%2Fproduct_cat&post=294"},{"taxonomy":"product_tag","embeddable":true,"href":"https:\/\/dippedutten.dk\/index.php?rest_route=%2Fwp%2Fv2%2Fproduct_tag&post=294"}],"curies":[{"name":"wp","href":"https:\/\/api.w.org\/{rel}","templated":true}]}}