{"id":261,"date":"2024-01-21T11:12:53","date_gmt":"2024-01-21T11:12:53","guid":{"rendered":"https:\/\/dippedutten.dk\/?post_type=product&#038;p=261"},"modified":"2025-11-30T12:24:43","modified_gmt":"2025-11-30T12:24:43","slug":"bordskaanere","status":"publish","type":"product","link":"https:\/\/dippedutten.dk\/?product=bordskaanere","title":{"rendered":"Bordsk\u00e5nere"},"content":{"rendered":"<p>TR\u00c6SORT:<\/p>\n<p>thuja<\/p>\n<p>DIAMETER:<\/p>\n<p>8,5 &#8211; 10 cm.<\/p>\n<p>H\u00d8JDE:<\/p>\n<p>0,5 &#8211; 1 cm.<\/p>\n<p>BEHANDLING:<\/p>\n<p>Valn\u00f8ddeolie (\u00f8kologisk, koldpresset og uden tils\u00e6tningsstoffer. Bruges ogs\u00e5 til dips, saucer og dressing)<\/p>\n<p>Kanaubervoks (naturprodukt udvundet af bladene p\u00e5 specielle palmetr\u00e6er som kun vokser i Brasilien)<\/p>\n<p>PRIS:<\/p>\n<p>25,-<\/p>\n<p>Er du interesseret, er du velkommen til at kontakte mig &#8211; (kontakt p\u00e5 forsiden)<\/p>\n<p>&nbsp;<\/p>\n<p>&nbsp;<\/p>\n<p>&nbsp;<\/p>\n","protected":false},"excerpt":{"rendered":"<p>TR\u00c6SORT: thuja DIAMETER: 8,5 &#8211; 10 cm. H\u00d8JDE: 0,5 &#8211; 1 cm. BEHANDLING: Valn\u00f8ddeolie (\u00f8kologisk, koldpresset og uden tils\u00e6tningsstoffer. Bruges ogs\u00e5 til dips, saucer og dressing) Kanaubervoks (naturprodukt udvundet af bladene p\u00e5 specielle palmetr\u00e6er som kun vokser i Brasilien) PRIS: 25,- Er du interesseret, er du velkommen til at kontakte mig &#8211; (kontakt p\u00e5 forsiden) [&hellip;]<\/p>\n","protected":false},"featured_media":268,"template":"","meta":[],"product_brand":[],"product_cat":[25],"product_tag":[37,64],"class_list":{"0":"post-261","1":"product","2":"type-product","3":"status-publish","4":"has-post-thumbnail","6":"product_cat-diverse","7":"product_tag-oliven","8":"product_tag-thuja","10":"first","11":"instock","12":"shipping-taxable","13":"purchasable","14":"product-type-simple"},"_links":{"self":[{"href":"https:\/\/dippedutten.dk\/index.php?rest_route=\/wp\/v2\/product\/261","targetHints":{"allow":["GET"]}}],"collection":[{"href":"https:\/\/dippedutten.dk\/index.php?rest_route=\/wp\/v2\/product"}],"about":[{"href":"https:\/\/dippedutten.dk\/index.php?rest_route=\/wp\/v2\/types\/product"}],"wp:featuredmedia":[{"embeddable":true,"href":"https:\/\/dippedutten.dk\/index.php?rest_route=\/wp\/v2\/media\/268"}],"wp:attachment":[{"href":"https:\/\/dippedutten.dk\/index.php?rest_route=%2Fwp%2Fv2%2Fmedia&parent=261"}],"wp:term":[{"taxonomy":"product_brand","embeddable":true,"href":"https:\/\/dippedutten.dk\/index.php?rest_route=%2Fwp%2Fv2%2Fproduct_brand&post=261"},{"taxonomy":"product_cat","embeddable":true,"href":"https:\/\/dippedutten.dk\/index.php?rest_route=%2Fwp%2Fv2%2Fproduct_cat&post=261"},{"taxonomy":"product_tag","embeddable":true,"href":"https:\/\/dippedutten.dk\/index.php?rest_route=%2Fwp%2Fv2%2Fproduct_tag&post=261"}],"curies":[{"name":"wp","href":"https:\/\/api.w.org\/{rel}","templated":true}]}}