{"id":234,"date":"2024-01-21T08:12:41","date_gmt":"2024-01-21T08:12:41","guid":{"rendered":"https:\/\/dippedutten.dk\/?post_type=product&#038;p=234"},"modified":"2025-12-06T14:12:25","modified_gmt":"2025-12-06T14:12:25","slug":"skaal-8","status":"publish","type":"product","link":"https:\/\/dippedutten.dk\/?product=skaal-8","title":{"rendered":"Sk\u00e5l 22&#215;10"},"content":{"rendered":"<p>TR\u00c6SORT:<\/p>\n<p>elm<\/p>\n<p>DIAMETER:<\/p>\n<p>22 cm.<\/p>\n<p>H\u00d8JDE:<\/p>\n<p>10 cm.<\/p>\n<p>BEHANDLING:<\/p>\n<p>Invendig:<\/p>\n<p>Valn\u00f8ddeolie (\u00f8kologisk, koldpresset og uden tils\u00e6tningsstoffer. Bruges ogs\u00e5 til dips, saucer og dressing)<\/p>\n<p>Udvendig:<\/p>\n<p>b\u00e5de olie og\u00a0Kanaubervoks (naturprodukt udvundet af bladene p\u00e5 specielle palmetr\u00e6er som kun vokser i Brasilien)<\/p>\n<p>PRIS:<\/p>\n<p>25,-<\/p>\n<p>Er du interesseret, er du velkommen til at kontakte mig &#8211; (kontakt p\u00e5 forsiden)<\/p>\n<p>&nbsp;<\/p>\n<p>&nbsp;<\/p>\n","protected":false},"excerpt":{"rendered":"<p>TR\u00c6SORT: elm DIAMETER: 22 cm. H\u00d8JDE: 10 cm. BEHANDLING: Invendig: Valn\u00f8ddeolie (\u00f8kologisk, koldpresset og uden tils\u00e6tningsstoffer. Bruges ogs\u00e5 til dips, saucer og dressing) Udvendig: b\u00e5de olie og\u00a0Kanaubervoks (naturprodukt udvundet af bladene p\u00e5 specielle palmetr\u00e6er som kun vokser i Brasilien) PRIS: 25,- Er du interesseret, er du velkommen til at kontakte mig &#8211; (kontakt p\u00e5 forsiden) [&hellip;]<\/p>\n","protected":false},"featured_media":235,"template":"","meta":[],"product_brand":[],"product_cat":[23],"product_tag":[54],"class_list":{"0":"post-234","1":"product","2":"type-product","3":"status-publish","4":"has-post-thumbnail","6":"product_cat-skaale","7":"product_tag-elm","9":"first","10":"outofstock","11":"shipping-taxable","12":"purchasable","13":"product-type-simple"},"_links":{"self":[{"href":"https:\/\/dippedutten.dk\/index.php?rest_route=\/wp\/v2\/product\/234","targetHints":{"allow":["GET"]}}],"collection":[{"href":"https:\/\/dippedutten.dk\/index.php?rest_route=\/wp\/v2\/product"}],"about":[{"href":"https:\/\/dippedutten.dk\/index.php?rest_route=\/wp\/v2\/types\/product"}],"wp:featuredmedia":[{"embeddable":true,"href":"https:\/\/dippedutten.dk\/index.php?rest_route=\/wp\/v2\/media\/235"}],"wp:attachment":[{"href":"https:\/\/dippedutten.dk\/index.php?rest_route=%2Fwp%2Fv2%2Fmedia&parent=234"}],"wp:term":[{"taxonomy":"product_brand","embeddable":true,"href":"https:\/\/dippedutten.dk\/index.php?rest_route=%2Fwp%2Fv2%2Fproduct_brand&post=234"},{"taxonomy":"product_cat","embeddable":true,"href":"https:\/\/dippedutten.dk\/index.php?rest_route=%2Fwp%2Fv2%2Fproduct_cat&post=234"},{"taxonomy":"product_tag","embeddable":true,"href":"https:\/\/dippedutten.dk\/index.php?rest_route=%2Fwp%2Fv2%2Fproduct_tag&post=234"}],"curies":[{"name":"wp","href":"https:\/\/api.w.org\/{rel}","templated":true}]}}