{"id":215,"date":"2024-01-21T06:06:18","date_gmt":"2024-01-21T06:06:18","guid":{"rendered":"https:\/\/dippedutten.dk\/?post_type=product&#038;p=215"},"modified":"2025-12-06T14:13:22","modified_gmt":"2025-12-06T14:13:22","slug":"lille-skaal-2","status":"publish","type":"product","link":"https:\/\/dippedutten.dk\/?product=lille-skaal-2","title":{"rendered":"Sk\u00e5l 8,5&#215;5"},"content":{"rendered":"<p>TR\u00c6SORT:<\/p>\n<p>mahogny<\/p>\n<p>DIAMETER:<\/p>\n<p>8,5 cm.<\/p>\n<p>H\u00d8JDE:<\/p>\n<p>5 cm.<\/p>\n<p>BEHANDLING:<\/p>\n<p>Valn\u00f8ddeolie<\/p>\n<p>(\u00f8kologisk, koldpresset og uden tils\u00e6tningsstoffer. Bruges ogs\u00e5 til dips, saucer og dressing)<\/p>\n<p>Kanaubervoks<\/p>\n<p>(naturprodukt udvundet af bladene p\u00e5 specielle palmetr\u00e6er som kun vokser i Brasilien)<\/p>\n<p>PRIS:<\/p>\n<p>50,-<\/p>\n<p>Er du interesseret, er du velkommen til at kontakte mig &#8211; (kontakt p\u00e5 forsiden)<\/p>\n<p>&nbsp;<\/p>\n<p>&nbsp;<\/p>\n<p>&nbsp;<\/p>\n","protected":false},"excerpt":{"rendered":"<p>TR\u00c6SORT: mahogny DIAMETER: 8,5 cm. H\u00d8JDE: 5 cm. BEHANDLING: Valn\u00f8ddeolie (\u00f8kologisk, koldpresset og uden tils\u00e6tningsstoffer. Bruges ogs\u00e5 til dips, saucer og dressing) Kanaubervoks (naturprodukt udvundet af bladene p\u00e5 specielle palmetr\u00e6er som kun vokser i Brasilien) PRIS: 50,- Er du interesseret, er du velkommen til at kontakte mig &#8211; (kontakt p\u00e5 forsiden) &nbsp; &nbsp; &nbsp;<\/p>\n","protected":false},"featured_media":221,"template":"","meta":[],"product_brand":[],"product_cat":[23],"product_tag":[57],"class_list":{"0":"post-215","1":"product","2":"type-product","3":"status-publish","4":"has-post-thumbnail","6":"product_cat-skaale","7":"product_tag-mahogny","9":"first","10":"outofstock","11":"shipping-taxable","12":"purchasable","13":"product-type-simple"},"_links":{"self":[{"href":"https:\/\/dippedutten.dk\/index.php?rest_route=\/wp\/v2\/product\/215","targetHints":{"allow":["GET"]}}],"collection":[{"href":"https:\/\/dippedutten.dk\/index.php?rest_route=\/wp\/v2\/product"}],"about":[{"href":"https:\/\/dippedutten.dk\/index.php?rest_route=\/wp\/v2\/types\/product"}],"wp:featuredmedia":[{"embeddable":true,"href":"https:\/\/dippedutten.dk\/index.php?rest_route=\/wp\/v2\/media\/221"}],"wp:attachment":[{"href":"https:\/\/dippedutten.dk\/index.php?rest_route=%2Fwp%2Fv2%2Fmedia&parent=215"}],"wp:term":[{"taxonomy":"product_brand","embeddable":true,"href":"https:\/\/dippedutten.dk\/index.php?rest_route=%2Fwp%2Fv2%2Fproduct_brand&post=215"},{"taxonomy":"product_cat","embeddable":true,"href":"https:\/\/dippedutten.dk\/index.php?rest_route=%2Fwp%2Fv2%2Fproduct_cat&post=215"},{"taxonomy":"product_tag","embeddable":true,"href":"https:\/\/dippedutten.dk\/index.php?rest_route=%2Fwp%2Fv2%2Fproduct_tag&post=215"}],"curies":[{"name":"wp","href":"https:\/\/api.w.org\/{rel}","templated":true}]}}