{"id":202,"date":"2024-01-20T20:01:59","date_gmt":"2024-01-20T20:01:59","guid":{"rendered":"https:\/\/dippedutten.dk\/?post_type=product&#038;p=202"},"modified":"2025-11-14T10:22:07","modified_gmt":"2025-11-14T10:22:07","slug":"saltkar-med-laag-og-ske","status":"publish","type":"product","link":"https:\/\/dippedutten.dk\/?product=saltkar-med-laag-og-ske","title":{"rendered":"Saltkar med l\u00e5g og ske"},"content":{"rendered":"<p>TR\u00c6SORT:<\/p>\n<p>Eg med ske i h\u00e5rdttr\u00e6<\/p>\n<p>DIAMETER:<\/p>\n<p>5,5 cm.<\/p>\n<p>H\u00d8JDE:<\/p>\n<p>4,5 cm.<\/p>\n<p>BEHANDLING:<\/p>\n<p>Valn\u00f8ddeolie<\/p>\n<p>(\u00f8kologisk, koldpresset og uden tils\u00e6tningsstoffer. Bruges ogs\u00e5 til dips, saucer og dressing)<\/p>\n<p>&nbsp;<\/p>\n<p>Er du interesseret, er du velkommen til at kontakte mig &#8211; (kontakt p\u00e5 forsiden)<\/p>\n<p>&nbsp;<\/p>\n","protected":false},"excerpt":{"rendered":"<p>TR\u00c6SORT: Eg med ske i h\u00e5rdttr\u00e6 DIAMETER: 5,5 cm. H\u00d8JDE: 4,5 cm. BEHANDLING: Valn\u00f8ddeolie (\u00f8kologisk, koldpresset og uden tils\u00e6tningsstoffer. Bruges ogs\u00e5 til dips, saucer og dressing) &nbsp; Er du interesseret, er du velkommen til at kontakte mig &#8211; (kontakt p\u00e5 forsiden) &nbsp;<\/p>\n","protected":false},"featured_media":204,"template":"","meta":[],"product_brand":[],"product_cat":[33],"product_tag":[39],"class_list":{"0":"post-202","1":"product","2":"type-product","3":"status-publish","4":"has-post-thumbnail","6":"product_cat-saltkvaerne-peberkvaerne-og-tandstikkrukker","7":"product_tag-eg","9":"first","10":"outofstock","11":"shipping-taxable","12":"purchasable","13":"product-type-simple"},"_links":{"self":[{"href":"https:\/\/dippedutten.dk\/index.php?rest_route=\/wp\/v2\/product\/202","targetHints":{"allow":["GET"]}}],"collection":[{"href":"https:\/\/dippedutten.dk\/index.php?rest_route=\/wp\/v2\/product"}],"about":[{"href":"https:\/\/dippedutten.dk\/index.php?rest_route=\/wp\/v2\/types\/product"}],"wp:featuredmedia":[{"embeddable":true,"href":"https:\/\/dippedutten.dk\/index.php?rest_route=\/wp\/v2\/media\/204"}],"wp:attachment":[{"href":"https:\/\/dippedutten.dk\/index.php?rest_route=%2Fwp%2Fv2%2Fmedia&parent=202"}],"wp:term":[{"taxonomy":"product_brand","embeddable":true,"href":"https:\/\/dippedutten.dk\/index.php?rest_route=%2Fwp%2Fv2%2Fproduct_brand&post=202"},{"taxonomy":"product_cat","embeddable":true,"href":"https:\/\/dippedutten.dk\/index.php?rest_route=%2Fwp%2Fv2%2Fproduct_cat&post=202"},{"taxonomy":"product_tag","embeddable":true,"href":"https:\/\/dippedutten.dk\/index.php?rest_route=%2Fwp%2Fv2%2Fproduct_tag&post=202"}],"curies":[{"name":"wp","href":"https:\/\/api.w.org\/{rel}","templated":true}]}}