{"id":197,"date":"2024-01-20T19:32:13","date_gmt":"2024-01-20T19:32:13","guid":{"rendered":"https:\/\/dippedutten.dk\/?post_type=product&#038;p=197"},"modified":"2025-12-06T14:13:38","modified_gmt":"2025-12-06T14:13:38","slug":"krukke-med-laag-med-indlagt-moenster-og-dup","status":"publish","type":"product","link":"https:\/\/dippedutten.dk\/?product=krukke-med-laag-med-indlagt-moenster-og-dup","title":{"rendered":"Krukke med l\u00e5g 11&#215;7"},"content":{"rendered":"<p>TR\u00c6SORT:<\/p>\n<p>Eg med dup i amaranth<\/p>\n<p>DIAMETER:<\/p>\n<p>11,5 cm.<\/p>\n<p>H\u00d8JDE:<\/p>\n<p>7,5 cm.<\/p>\n<p>BEHANDLING:<\/p>\n<p>Valn\u00f8ddeolie<\/p>\n<p>(\u00f8kologisk, koldpresset og uden tils\u00e6tningsstoffer. Bruges ogs\u00e5 til dips, saucer og dressing)<\/p>\n<p>&nbsp;<\/p>\n<p>Pris: 50,-<\/p>\n<p>Er du interesseret, er du velkommen til at kontakte mig &#8211; (kontakt p\u00e5 forsiden)<\/p>\n<p>&nbsp;<\/p>\n","protected":false},"excerpt":{"rendered":"<p>TR\u00c6SORT: Eg med dup i amaranth DIAMETER: 11,5 cm. H\u00d8JDE: 7,5 cm. BEHANDLING: Valn\u00f8ddeolie (\u00f8kologisk, koldpresset og uden tils\u00e6tningsstoffer. Bruges ogs\u00e5 til dips, saucer og dressing) &nbsp; Pris: 50,- Er du interesseret, er du velkommen til at kontakte mig &#8211; (kontakt p\u00e5 forsiden) &nbsp;<\/p>\n","protected":false},"featured_media":198,"template":"","meta":[],"product_brand":[],"product_cat":[24],"product_tag":[39,62],"class_list":{"0":"post-197","1":"product","2":"type-product","3":"status-publish","4":"has-post-thumbnail","6":"product_cat-krukker","7":"product_tag-eg","8":"product_tag-amaranth-purple-heart","10":"first","11":"outofstock","12":"shipping-taxable","13":"purchasable","14":"product-type-simple"},"_links":{"self":[{"href":"https:\/\/dippedutten.dk\/index.php?rest_route=\/wp\/v2\/product\/197","targetHints":{"allow":["GET"]}}],"collection":[{"href":"https:\/\/dippedutten.dk\/index.php?rest_route=\/wp\/v2\/product"}],"about":[{"href":"https:\/\/dippedutten.dk\/index.php?rest_route=\/wp\/v2\/types\/product"}],"wp:featuredmedia":[{"embeddable":true,"href":"https:\/\/dippedutten.dk\/index.php?rest_route=\/wp\/v2\/media\/198"}],"wp:attachment":[{"href":"https:\/\/dippedutten.dk\/index.php?rest_route=%2Fwp%2Fv2%2Fmedia&parent=197"}],"wp:term":[{"taxonomy":"product_brand","embeddable":true,"href":"https:\/\/dippedutten.dk\/index.php?rest_route=%2Fwp%2Fv2%2Fproduct_brand&post=197"},{"taxonomy":"product_cat","embeddable":true,"href":"https:\/\/dippedutten.dk\/index.php?rest_route=%2Fwp%2Fv2%2Fproduct_cat&post=197"},{"taxonomy":"product_tag","embeddable":true,"href":"https:\/\/dippedutten.dk\/index.php?rest_route=%2Fwp%2Fv2%2Fproduct_tag&post=197"}],"curies":[{"name":"wp","href":"https:\/\/api.w.org\/{rel}","templated":true}]}}