{"id":193,"date":"2024-01-20T19:13:27","date_gmt":"2024-01-20T19:13:27","guid":{"rendered":"https:\/\/dippedutten.dk\/?post_type=product&#038;p=193"},"modified":"2025-11-30T12:31:25","modified_gmt":"2025-11-30T12:31:25","slug":"krukke-med-laag","status":"publish","type":"product","link":"https:\/\/dippedutten.dk\/?product=krukke-med-laag","title":{"rendered":"Krukke med l\u00e5g  14,5&#215;7"},"content":{"rendered":"<p>TR\u00c6SORT:<\/p>\n<p>ask<\/p>\n<p>DIAMETER:<\/p>\n<p>14,5 cm.<\/p>\n<p>H\u00d8JDE:<\/p>\n<p>7 cm.<\/p>\n<p>BEHANDLING:<\/p>\n<p>Indvendig kun Valn\u00f8ddeolie<\/p>\n<p>(\u00f8kologisk, koldpresset og uden tils\u00e6tningsstoffer. Bruges ogs\u00e5 til dips, saucer og dressing)<\/p>\n<p>Udvendig begge dele<\/p>\n<p>Kanaubervoks<\/p>\n<p>(naturprodukt udvundet af bladene p\u00e5 specielle palmetr\u00e6er som kun vokser i Brasilien)<\/p>\n<p>PRIS:<\/p>\n<p>75,-<\/p>\n<p>Er du interesseret, er du velkommen til at kontakte mig &#8211; (kontakt p\u00e5 forsiden)<\/p>\n<p>&nbsp;<\/p>\n<p>&nbsp;<\/p>\n","protected":false},"excerpt":{"rendered":"<p>TR\u00c6SORT: ask DIAMETER: 14,5 cm. H\u00d8JDE: 7 cm. BEHANDLING: Indvendig kun Valn\u00f8ddeolie (\u00f8kologisk, koldpresset og uden tils\u00e6tningsstoffer. Bruges ogs\u00e5 til dips, saucer og dressing) Udvendig begge dele Kanaubervoks (naturprodukt udvundet af bladene p\u00e5 specielle palmetr\u00e6er som kun vokser i Brasilien) PRIS: 75,- Er du interesseret, er du velkommen til at kontakte mig &#8211; (kontakt p\u00e5 [&hellip;]<\/p>\n","protected":false},"featured_media":196,"template":"","meta":[],"product_brand":[],"product_cat":[24],"product_tag":[42],"class_list":{"0":"post-193","1":"product","2":"type-product","3":"status-publish","4":"has-post-thumbnail","6":"product_cat-krukker","7":"product_tag-ask","9":"first","10":"instock","11":"shipping-taxable","12":"purchasable","13":"product-type-simple"},"_links":{"self":[{"href":"https:\/\/dippedutten.dk\/index.php?rest_route=\/wp\/v2\/product\/193","targetHints":{"allow":["GET"]}}],"collection":[{"href":"https:\/\/dippedutten.dk\/index.php?rest_route=\/wp\/v2\/product"}],"about":[{"href":"https:\/\/dippedutten.dk\/index.php?rest_route=\/wp\/v2\/types\/product"}],"wp:featuredmedia":[{"embeddable":true,"href":"https:\/\/dippedutten.dk\/index.php?rest_route=\/wp\/v2\/media\/196"}],"wp:attachment":[{"href":"https:\/\/dippedutten.dk\/index.php?rest_route=%2Fwp%2Fv2%2Fmedia&parent=193"}],"wp:term":[{"taxonomy":"product_brand","embeddable":true,"href":"https:\/\/dippedutten.dk\/index.php?rest_route=%2Fwp%2Fv2%2Fproduct_brand&post=193"},{"taxonomy":"product_cat","embeddable":true,"href":"https:\/\/dippedutten.dk\/index.php?rest_route=%2Fwp%2Fv2%2Fproduct_cat&post=193"},{"taxonomy":"product_tag","embeddable":true,"href":"https:\/\/dippedutten.dk\/index.php?rest_route=%2Fwp%2Fv2%2Fproduct_tag&post=193"}],"curies":[{"name":"wp","href":"https:\/\/api.w.org\/{rel}","templated":true}]}}