{"id":121,"date":"2024-01-20T09:14:19","date_gmt":"2024-01-20T09:14:19","guid":{"rendered":"https:\/\/dippedutten.dk\/?post_type=product&#038;p=121"},"modified":"2025-11-21T16:18:43","modified_gmt":"2025-11-21T16:18:43","slug":"skaal","status":"publish","type":"product","link":"https:\/\/dippedutten.dk\/?product=skaal","title":{"rendered":"Sk\u00e5l 16&#215;3"},"content":{"rendered":"<p>$TR\u00c6SORT:<\/p>\n<p>Zirikote<\/p>\n<p>Relativ sj\u00e6lden (og dyr) tr\u00e6sort, som vokser i Mexico og Nicaraqua<\/p>\n<p>DIAMETER:<\/p>\n<p>16 cm.<\/p>\n<p>H\u00d8JDE:<\/p>\n<p>3 cm.<\/p>\n<p>BEHANDLING:<\/p>\n<p>Kanaubervoks<\/p>\n<p>(naturprodukt udvundet af bladene p\u00e5 palmetr\u00e6er som kun vokser i Brasilien)<\/p>\n<p>PRIS:<\/p>\n<p>200,-<\/p>\n<p>Er du interesseret, er du velkommen til at kontakte mig &#8211; (kontakt p\u00e5 forsiden)<\/p>\n<p>&nbsp;<\/p>\n<p>&nbsp;<\/p>\n<p>&nbsp;<\/p>\n","protected":false},"excerpt":{"rendered":"<p>$TR\u00c6SORT: Zirikote Relativ sj\u00e6lden (og dyr) tr\u00e6sort, som vokser i Mexico og Nicaraqua DIAMETER: 16 cm. H\u00d8JDE: 3 cm. BEHANDLING: Kanaubervoks (naturprodukt udvundet af bladene p\u00e5 palmetr\u00e6er som kun vokser i Brasilien) PRIS: 200,- Er du interesseret, er du velkommen til at kontakte mig &#8211; (kontakt p\u00e5 forsiden) &nbsp; &nbsp; &nbsp;<\/p>\n","protected":false},"featured_media":114,"template":"","meta":[],"product_brand":[],"product_cat":[23],"product_tag":[59],"class_list":{"0":"post-121","1":"product","2":"type-product","3":"status-publish","4":"has-post-thumbnail","6":"product_cat-skaale","7":"product_tag-zirikote","9":"first","10":"outofstock","11":"shipping-taxable","12":"purchasable","13":"product-type-simple"},"_links":{"self":[{"href":"https:\/\/dippedutten.dk\/index.php?rest_route=\/wp\/v2\/product\/121","targetHints":{"allow":["GET"]}}],"collection":[{"href":"https:\/\/dippedutten.dk\/index.php?rest_route=\/wp\/v2\/product"}],"about":[{"href":"https:\/\/dippedutten.dk\/index.php?rest_route=\/wp\/v2\/types\/product"}],"wp:featuredmedia":[{"embeddable":true,"href":"https:\/\/dippedutten.dk\/index.php?rest_route=\/wp\/v2\/media\/114"}],"wp:attachment":[{"href":"https:\/\/dippedutten.dk\/index.php?rest_route=%2Fwp%2Fv2%2Fmedia&parent=121"}],"wp:term":[{"taxonomy":"product_brand","embeddable":true,"href":"https:\/\/dippedutten.dk\/index.php?rest_route=%2Fwp%2Fv2%2Fproduct_brand&post=121"},{"taxonomy":"product_cat","embeddable":true,"href":"https:\/\/dippedutten.dk\/index.php?rest_route=%2Fwp%2Fv2%2Fproduct_cat&post=121"},{"taxonomy":"product_tag","embeddable":true,"href":"https:\/\/dippedutten.dk\/index.php?rest_route=%2Fwp%2Fv2%2Fproduct_tag&post=121"}],"curies":[{"name":"wp","href":"https:\/\/api.w.org\/{rel}","templated":true}]}}