{"id":1196,"date":"2026-03-08T09:01:46","date_gmt":"2026-03-08T09:01:46","guid":{"rendered":"https:\/\/dippedutten.dk\/?post_type=product&#038;p=1196"},"modified":"2026-03-08T19:42:29","modified_gmt":"2026-03-08T19:42:29","slug":"elm-maaske","status":"publish","type":"product","link":"https:\/\/dippedutten.dk\/?product=elm-maaske","title":{"rendered":"Elm (efter bedste sk\u00f8n)  23&#215;8"},"content":{"rendered":"<p><!--more-->TR\u00c6SORT:<\/p>\n<p>Elm (m\u00e5ske)<\/p>\n<p>DIAMETER:<\/p>\n<p>23 cm<\/p>\n<p>H\u00d8JDE:<\/p>\n<p>8 cm<\/p>\n<p>BEHANDLING:<\/p>\n<p>Invendig:<\/p>\n<p>Valn\u00f8ddeolie<\/p>\n<p>\u00d8kologisk, koldpresset og uden tils\u00e6tningsstoffer. Den bruges blandt andet til dips, saucer og dressing, og f\u00e5s i almindelige supermarkeder.<\/p>\n<p>Udvendig:<\/p>\n<p>Valn\u00f8ddeolie og kanaubervoks.<\/p>\n<p>Kanaubervoks er et naturprodukt udvundet af voksen p\u00e5 bladene p\u00e5 visse palmetr\u00e6er som kun vokser i Brasilien. F\u00f8devarestyrelsen er spurgt, og de henviser til Europar\u00e5dets vejledning og &#8220;Scientific Commitee for food\/EFSA&#8221; hvor det er det klassificeret til brug ved overfladebehandling af f\u00f8devarer. (Det bruges f.eks. til overfladebehandling af vingummibamser og Jellybeans s\u00e5 de ikke klistrer sammen &#8211; og i l\u00e6bestifter)<\/p>\n<p>&nbsp;<\/p>\n<p>PRIS: 300,-<\/p>\n<p>&nbsp;<\/p>\n<p>Er du interesseret, er du velkommen til at kontakte mig &#8211; (kontakt p\u00e5 forsiden)<\/p>\n","protected":false},"excerpt":{"rendered":"","protected":false},"featured_media":1188,"template":"","meta":[],"product_brand":[],"product_cat":[23],"product_tag":[54],"class_list":{"0":"post-1196","1":"product","2":"type-product","3":"status-publish","4":"has-post-thumbnail","6":"product_cat-skaale","7":"product_tag-elm","9":"first","10":"instock","11":"shipping-taxable","12":"purchasable","13":"product-type-simple"},"_links":{"self":[{"href":"https:\/\/dippedutten.dk\/index.php?rest_route=\/wp\/v2\/product\/1196","targetHints":{"allow":["GET"]}}],"collection":[{"href":"https:\/\/dippedutten.dk\/index.php?rest_route=\/wp\/v2\/product"}],"about":[{"href":"https:\/\/dippedutten.dk\/index.php?rest_route=\/wp\/v2\/types\/product"}],"wp:featuredmedia":[{"embeddable":true,"href":"https:\/\/dippedutten.dk\/index.php?rest_route=\/wp\/v2\/media\/1188"}],"wp:attachment":[{"href":"https:\/\/dippedutten.dk\/index.php?rest_route=%2Fwp%2Fv2%2Fmedia&parent=1196"}],"wp:term":[{"taxonomy":"product_brand","embeddable":true,"href":"https:\/\/dippedutten.dk\/index.php?rest_route=%2Fwp%2Fv2%2Fproduct_brand&post=1196"},{"taxonomy":"product_cat","embeddable":true,"href":"https:\/\/dippedutten.dk\/index.php?rest_route=%2Fwp%2Fv2%2Fproduct_cat&post=1196"},{"taxonomy":"product_tag","embeddable":true,"href":"https:\/\/dippedutten.dk\/index.php?rest_route=%2Fwp%2Fv2%2Fproduct_tag&post=1196"}],"curies":[{"name":"wp","href":"https:\/\/api.w.org\/{rel}","templated":true}]}}