{"id":1179,"date":"2026-02-24T19:11:57","date_gmt":"2026-02-24T19:11:57","guid":{"rendered":"https:\/\/dippedutten.dk\/?post_type=product&#038;p=1179"},"modified":"2026-02-24T19:16:09","modified_gmt":"2026-02-24T19:16:09","slug":"skaal-14x6","status":"publish","type":"product","link":"https:\/\/dippedutten.dk\/?product=skaal-14x6","title":{"rendered":"Sk\u00e5l  14&#215;6"},"content":{"rendered":"<p><!--more-->TR\u00c6SORT:<\/p>\n<p>Kirseb\u00e6r<\/p>\n<p>DIAMETER:<\/p>\n<p>14 cm<\/p>\n<p>H\u00d8JDE:<\/p>\n<p>6 cm<\/p>\n<p>BEHANDLING:<\/p>\n<p>&nbsp;<\/p>\n<p>Valn\u00f8ddeolie<\/p>\n<p>\u00d8kologisk, koldpresset og uden tils\u00e6tningsstoffer. Den bruges blandt andet til dips, saucer og dressing, og f\u00e5s i almindelige supermarkeder.<\/p>\n<p>&nbsp;<\/p>\n<p>PRIS: 150,-<\/p>\n<p>&nbsp;<\/p>\n<p>Er du interesseret, er du velkommen til at kontakte mig &#8211; (kontakt p\u00e5 forsiden)<\/p>\n","protected":false},"excerpt":{"rendered":"","protected":false},"featured_media":1176,"template":"","meta":[],"product_brand":[],"product_cat":[23],"product_tag":[45],"class_list":{"0":"post-1179","1":"product","2":"type-product","3":"status-publish","4":"has-post-thumbnail","6":"product_cat-skaale","7":"product_tag-kirsebaer","9":"first","10":"instock","11":"shipping-taxable","12":"purchasable","13":"product-type-simple"},"_links":{"self":[{"href":"https:\/\/dippedutten.dk\/index.php?rest_route=\/wp\/v2\/product\/1179","targetHints":{"allow":["GET"]}}],"collection":[{"href":"https:\/\/dippedutten.dk\/index.php?rest_route=\/wp\/v2\/product"}],"about":[{"href":"https:\/\/dippedutten.dk\/index.php?rest_route=\/wp\/v2\/types\/product"}],"wp:featuredmedia":[{"embeddable":true,"href":"https:\/\/dippedutten.dk\/index.php?rest_route=\/wp\/v2\/media\/1176"}],"wp:attachment":[{"href":"https:\/\/dippedutten.dk\/index.php?rest_route=%2Fwp%2Fv2%2Fmedia&parent=1179"}],"wp:term":[{"taxonomy":"product_brand","embeddable":true,"href":"https:\/\/dippedutten.dk\/index.php?rest_route=%2Fwp%2Fv2%2Fproduct_brand&post=1179"},{"taxonomy":"product_cat","embeddable":true,"href":"https:\/\/dippedutten.dk\/index.php?rest_route=%2Fwp%2Fv2%2Fproduct_cat&post=1179"},{"taxonomy":"product_tag","embeddable":true,"href":"https:\/\/dippedutten.dk\/index.php?rest_route=%2Fwp%2Fv2%2Fproduct_tag&post=1179"}],"curies":[{"name":"wp","href":"https:\/\/api.w.org\/{rel}","templated":true}]}}