{"id":1131,"date":"2026-01-11T14:04:35","date_gmt":"2026-01-11T14:04:35","guid":{"rendered":"https:\/\/dippedutten.dk\/?post_type=product&#038;p=1131"},"modified":"2026-01-11T14:07:24","modified_gmt":"2026-01-11T14:07:24","slug":"krukke-med-laag-14x7","status":"publish","type":"product","link":"https:\/\/dippedutten.dk\/?product=krukke-med-laag-14x7","title":{"rendered":"Krukke med l\u00e5g  14&#215;7"},"content":{"rendered":"<p><!--more-->TR\u00c6SORT:<\/p>\n<p>Eg og Moseeg<\/p>\n<p>DIAMETER:<\/p>\n<p>14 cm<\/p>\n<p>H\u00d8JDE:<\/p>\n<p>7 cm<\/p>\n<p>BEHANDLING:<\/p>\n<p>Invendig:<\/p>\n<p>Valn\u00f8ddeolie<\/p>\n<p>\u00d8kologisk, koldpresset og uden tils\u00e6tningsstoffer. Den bruges blandt andet til dips, saucer og dressing, og f\u00e5s i almindelige supermarkeder.<\/p>\n<p>Udvendig:<\/p>\n<p>Valn\u00f8ddeolie og kanaubervoks.<\/p>\n<p>Kanaubervoks er et naturprodukt udvundet af voksen p\u00e5 bladene p\u00e5 visse palmetr\u00e6er som kun vokser i Brasilien. F\u00f8devarestyrelsen er spurgt, og de henviser til Europar\u00e5dets vejledning og &#8220;Scientific Commitee for food\/EFSA&#8221; hvor det er det klassificeret til brug ved overfladebehandling af f\u00f8devarer. (Det bruges f.eks. til overfladebehandling af vingummibamser og Jellybeans s\u00e5 de ikke klistrer sammen &#8211; og i l\u00e6bestifter)<\/p>\n<p>&nbsp;<\/p>\n<p>PRIS:<\/p>\n<p>&nbsp;<\/p>\n<p>Er du interesseret, er du velkommen til at kontakte mig &#8211; (kontakt p\u00e5 forsiden)<\/p>\n","protected":false},"excerpt":{"rendered":"","protected":false},"featured_media":1129,"template":"","meta":[],"product_brand":[],"product_cat":[24],"product_tag":[39,40],"class_list":{"0":"post-1131","1":"product","2":"type-product","3":"status-publish","4":"has-post-thumbnail","6":"product_cat-krukker","7":"product_tag-eg","8":"product_tag-moseeg","10":"first","11":"instock","12":"shipping-taxable","13":"purchasable","14":"product-type-simple"},"_links":{"self":[{"href":"https:\/\/dippedutten.dk\/index.php?rest_route=\/wp\/v2\/product\/1131","targetHints":{"allow":["GET"]}}],"collection":[{"href":"https:\/\/dippedutten.dk\/index.php?rest_route=\/wp\/v2\/product"}],"about":[{"href":"https:\/\/dippedutten.dk\/index.php?rest_route=\/wp\/v2\/types\/product"}],"wp:featuredmedia":[{"embeddable":true,"href":"https:\/\/dippedutten.dk\/index.php?rest_route=\/wp\/v2\/media\/1129"}],"wp:attachment":[{"href":"https:\/\/dippedutten.dk\/index.php?rest_route=%2Fwp%2Fv2%2Fmedia&parent=1131"}],"wp:term":[{"taxonomy":"product_brand","embeddable":true,"href":"https:\/\/dippedutten.dk\/index.php?rest_route=%2Fwp%2Fv2%2Fproduct_brand&post=1131"},{"taxonomy":"product_cat","embeddable":true,"href":"https:\/\/dippedutten.dk\/index.php?rest_route=%2Fwp%2Fv2%2Fproduct_cat&post=1131"},{"taxonomy":"product_tag","embeddable":true,"href":"https:\/\/dippedutten.dk\/index.php?rest_route=%2Fwp%2Fv2%2Fproduct_tag&post=1131"}],"curies":[{"name":"wp","href":"https:\/\/api.w.org\/{rel}","templated":true}]}}