{"id":1103,"date":"2025-12-19T08:37:22","date_gmt":"2025-12-19T08:37:22","guid":{"rendered":"https:\/\/dippedutten.dk\/?post_type=product&#038;p=1103"},"modified":"2025-12-29T14:33:39","modified_gmt":"2025-12-29T14:33:39","slug":"haarspaende","status":"publish","type":"product","link":"https:\/\/dippedutten.dk\/?product=haarspaende","title":{"rendered":"H\u00e5rsp\u00e6nde"},"content":{"rendered":"<p><!--more-->TR\u00c6SORT:<\/p>\n<p>Oliven<\/p>\n<p>Ca. 8 l\u00e6ngde og 4 bredde<\/p>\n<p>&nbsp;<\/p>\n<p>BEHANDLING:<\/p>\n<p>Valn\u00f8ddeolie og kanaubervoks.<\/p>\n<p>Kanaubervoks er et naturprodukt udvundet af voksen p\u00e5 bladene p\u00e5 visse palmetr\u00e6er som kun vokser i Brasilien. F\u00f8devarestyrelsen er spurgt, og de henviser til Europar\u00e5dets vejledning og &#8220;Scientific Commitee for food\/EFSA&#8221; hvor det er det klassificeret til brug ved overfladebehandling af f\u00f8devarer. (Det bruges f.eks. til overfladebehandling af vingummibamser og Jellybeans s\u00e5 de ikke klistrer sammen &#8211; og i l\u00e6bestifter)<\/p>\n<p>&nbsp;<\/p>\n<p>PRIS: 100,-<\/p>\n<p>&nbsp;<\/p>\n<p>Er du interesseret, er du velkommen til at kontakte mig &#8211; (kontakt p\u00e5 forsiden)<\/p>\n","protected":false},"excerpt":{"rendered":"","protected":false},"featured_media":1109,"template":"","meta":[],"product_brand":[],"product_cat":[25],"product_tag":[37],"class_list":{"0":"post-1103","1":"product","2":"type-product","3":"status-publish","4":"has-post-thumbnail","6":"product_cat-diverse","7":"product_tag-oliven","9":"first","10":"outofstock","11":"shipping-taxable","12":"purchasable","13":"product-type-simple"},"_links":{"self":[{"href":"https:\/\/dippedutten.dk\/index.php?rest_route=\/wp\/v2\/product\/1103","targetHints":{"allow":["GET"]}}],"collection":[{"href":"https:\/\/dippedutten.dk\/index.php?rest_route=\/wp\/v2\/product"}],"about":[{"href":"https:\/\/dippedutten.dk\/index.php?rest_route=\/wp\/v2\/types\/product"}],"wp:featuredmedia":[{"embeddable":true,"href":"https:\/\/dippedutten.dk\/index.php?rest_route=\/wp\/v2\/media\/1109"}],"wp:attachment":[{"href":"https:\/\/dippedutten.dk\/index.php?rest_route=%2Fwp%2Fv2%2Fmedia&parent=1103"}],"wp:term":[{"taxonomy":"product_brand","embeddable":true,"href":"https:\/\/dippedutten.dk\/index.php?rest_route=%2Fwp%2Fv2%2Fproduct_brand&post=1103"},{"taxonomy":"product_cat","embeddable":true,"href":"https:\/\/dippedutten.dk\/index.php?rest_route=%2Fwp%2Fv2%2Fproduct_cat&post=1103"},{"taxonomy":"product_tag","embeddable":true,"href":"https:\/\/dippedutten.dk\/index.php?rest_route=%2Fwp%2Fv2%2Fproduct_tag&post=1103"}],"curies":[{"name":"wp","href":"https:\/\/api.w.org\/{rel}","templated":true}]}}